{"id":1482,"date":"2021-11-25T10:00:23","date_gmt":"2021-11-25T13:00:23","guid":{"rendered":"http:\/\/comunicacion.unsa.edu.ar\/?page_id=1482"},"modified":"2021-11-25T10:09:46","modified_gmt":"2021-11-25T13:09:46","slug":"profesorado-en-ciencias-de-la-comunicacion","status":"publish","type":"page","link":"https:\/\/comunicacion.unsa.edu.ar\/index.php\/profesorado-en-ciencias-de-la-comunicacion\/","title":{"rendered":"Profesorado en Ciencias de la Comunicaci\u00f3n"},"content":{"rendered":"\n<p>Res. H. N\u00ba 1372\/21 (Expte. N\u00ba 4671\/21)<br>Creaci\u00f3n de la Comisi\u00f3n Asesora del proyecto de Ciclo de Complementaci\u00f3n Curricular para el Profesorado en Ciencias de la Comunicaci\u00f3n.<\/p>\n\n\n\n<div class=\"wp-block-pdfjsblock-pdfjs-embed pdfjs-wrapper\"><\/div>\n","protected":false},"excerpt":{"rendered":"<p>Res. H. N\u00ba 1372\/21 (Expte. N\u00ba 4671\/21)Creaci\u00f3n de la Comisi\u00f3n Asesora del proyecto de Ciclo de Complementaci\u00f3n Curricular para el Profesorado en Ciencias de la Comunicaci\u00f3n.<\/p>\n","protected":false},"author":1,"featured_media":0,"parent":0,"menu_order":0,"comment_status":"closed","ping_status":"closed","template":"","meta":{"footnotes":""},"class_list":["post-1482","page","type-page","status-publish"],"_links":{"self":[{"href":"https:\/\/comunicacion.unsa.edu.ar\/index.php\/wp-json\/wp\/v2\/pages\/1482","targetHints":{"allow":["GET"]}}],"collection":[{"href":"https:\/\/comunicacion.unsa.edu.ar\/index.php\/wp-json\/wp\/v2\/pages"}],"about":[{"href":"https:\/\/comunicacion.unsa.edu.ar\/index.php\/wp-json\/wp\/v2\/types\/page"}],"author":[{"embeddable":true,"href":"https:\/\/comunicacion.unsa.edu.ar\/index.php\/wp-json\/wp\/v2\/users\/1"}],"replies":[{"embeddable":true,"href":"https:\/\/comunicacion.unsa.edu.ar\/index.php\/wp-json\/wp\/v2\/comments?post=1482"}],"version-history":[{"count":2,"href":"https:\/\/comunicacion.unsa.edu.ar\/index.php\/wp-json\/wp\/v2\/pages\/1482\/revisions"}],"predecessor-version":[{"id":1486,"href":"https:\/\/comunicacion.unsa.edu.ar\/index.php\/wp-json\/wp\/v2\/pages\/1482\/revisions\/1486"}],"wp:attachment":[{"href":"https:\/\/comunicacion.unsa.edu.ar\/index.php\/wp-json\/wp\/v2\/media?parent=1482"}],"curies":[{"name":"wp","href":"https:\/\/api.w.org\/{rel}","templated":true}]}}