{"id":2117,"date":"2021-12-16T16:50:30","date_gmt":"2021-12-16T19:50:30","guid":{"rendered":"http:\/\/comunicacion.unsa.edu.ar\/?page_id=2117"},"modified":"2021-12-16T17:38:21","modified_gmt":"2021-12-16T20:38:21","slug":"res-hcd-no-481-01-auxiliar-estudiante","status":"publish","type":"page","link":"https:\/\/comunicacion.unsa.edu.ar\/index.php\/res-hcd-no-481-01-auxiliar-estudiante\/","title":{"rendered":"Reglamentos"},"content":{"rendered":"<div class='w3eden'><!-- WPDM Link Template: Default Template -->\n\n<div class=\"link-template-default card mb-2\">\n    <div class=\"card-body\">\n        <div class=\"media\">\n            <div class=\"mr-3 img-48\"><img decoding=\"async\" class=\"wpdm_icon\" alt=\"Icon\"   src=\"http:\/\/comunicacion.unsa.edu.ar\/wp-content\/plugins\/download-manager\/assets\/file-type-icons\/arrow_down.png\" \/><\/div>\n            <div class=\"media-body\">\n                <h3 class=\"package-title\"><a href='https:\/\/comunicacion.unsa.edu.ar\/index.php\/download\/res-hcd-no-481-01-alumnos-auxiliares-docentes-de-2da-categoria\/'>Res. HCD. N\u00ba 481-01 Alumnos Auxiliares Docentes de 2da categor\u00eda.<\/a><\/h3>\n                <div class=\"text-muted text-small\"><i class=\"fas fa-copy\"><\/i> 1 file(s) <i class=\"fas fa-hdd ml-3\"><\/i> 0.00 KB<\/div>\n            <\/div>\n            <div class=\"ml-3\">\n                <a class='wpdm-download-link download-on-click btn btn-primary btn-sm' rel='nofollow' href='#' data-downloadurl=\"https:\/\/comunicacion.unsa.edu.ar\/index.php\/download\/res-hcd-no-481-01-alumnos-auxiliares-docentes-de-2da-categoria\/?wpdmdl=2118&refresh=69d48fde229861775538142\">Download<\/a>\n            <\/div>\n        <\/div>\n    <\/div>\n<\/div>\n\n<\/div>\n\n\n\n<div style=\"height:60px\" aria-hidden=\"true\" class=\"wp-block-spacer\"><\/div>\n\n\n\n<h2 class=\"wp-block-heading\">Llamado a Concurso CIU Momento II<\/h2>\n\n\n\n<p>Inscripci\u00f3n para cubrir tres (3) cargos de AUXILIAR ESTUDIANTIL CIU Momento II, de la carrera de Ciencias de la Comunicaci\u00f3n para desempe\u00f1ar funciones en el Equipo Ampliado con retribuci\u00f3n equivalente a Beca de Formaci\u00f3n (Febrero y Marzo 2022)<\/p>\n\n\n\n<p><a rel=\"noreferrer noopener\" href=\"http:\/\/bo.unsa.edu.ar\/dh\/R2021\/Res._1495_21.pdf?fbclid=IwAR3tT90Fe2MEWt5D9Vo7WfXh26zaUXort8qUZs_NHCYH1r0v9p-WVsk4joo\" target=\"_blank\">http:\/\/bo.unsa.edu.ar\/dh\/R2021\/Res._1495_21.pdf<\/a><\/p>\n\n\n\n<p>+info en docencia@hum.unsa.edu.ar<\/p>\n","protected":false},"excerpt":{"rendered":"<p>Llamado a Concurso CIU Momento II Inscripci\u00f3n para cubrir tres (3) cargos de AUXILIAR ESTUDIANTIL CIU Momento II, de la carrera de Ciencias de la Comunicaci\u00f3n para desempe\u00f1ar funciones en &#8230; <a title=\"Reglamentos\" class=\"read-more\" href=\"https:\/\/comunicacion.unsa.edu.ar\/index.php\/res-hcd-no-481-01-auxiliar-estudiante\/\">Read more<span class=\"screen-reader-text\">Reglamentos<\/span><\/a><\/p>\n","protected":false},"author":1,"featured_media":0,"parent":0,"menu_order":0,"comment_status":"closed","ping_status":"closed","template":"","meta":{"footnotes":""},"class_list":["post-2117","page","type-page","status-publish"],"_links":{"self":[{"href":"https:\/\/comunicacion.unsa.edu.ar\/index.php\/wp-json\/wp\/v2\/pages\/2117","targetHints":{"allow":["GET"]}}],"collection":[{"href":"https:\/\/comunicacion.unsa.edu.ar\/index.php\/wp-json\/wp\/v2\/pages"}],"about":[{"href":"https:\/\/comunicacion.unsa.edu.ar\/index.php\/wp-json\/wp\/v2\/types\/page"}],"author":[{"embeddable":true,"href":"https:\/\/comunicacion.unsa.edu.ar\/index.php\/wp-json\/wp\/v2\/users\/1"}],"replies":[{"embeddable":true,"href":"https:\/\/comunicacion.unsa.edu.ar\/index.php\/wp-json\/wp\/v2\/comments?post=2117"}],"version-history":[{"count":3,"href":"https:\/\/comunicacion.unsa.edu.ar\/index.php\/wp-json\/wp\/v2\/pages\/2117\/revisions"}],"predecessor-version":[{"id":2129,"href":"https:\/\/comunicacion.unsa.edu.ar\/index.php\/wp-json\/wp\/v2\/pages\/2117\/revisions\/2129"}],"wp:attachment":[{"href":"https:\/\/comunicacion.unsa.edu.ar\/index.php\/wp-json\/wp\/v2\/media?parent=2117"}],"curies":[{"name":"wp","href":"https:\/\/api.w.org\/{rel}","templated":true}]}}